{"id":693,"date":"2023-04-03T16:09:27","date_gmt":"2023-04-03T15:09:27","guid":{"rendered":"https:\/\/klarnet.org.tr\/ulusal-klarnet-yarismasi-2023-basvuru-formu-2\/"},"modified":"2024-03-08T00:54:08","modified_gmt":"2024-03-07T23:54:08","slug":"turk-muzigi-klarnet-yarismasi-2024-basvuru-formu","status":"publish","type":"page","link":"https:\/\/klarnet.org.tr\/en\/turk-muzigi-klarnet-yarismasi-2024-basvuru-formu\/","title":{"rendered":"T\u00fcrk M\u00fczi\u011fi Klarnet Yar\u0131\u015fmas\u0131 2024 Ba\u015fvuru Formu"},"content":{"rendered":"<div class=\"brz-root__container brz-reset-all\">\n<section data-uid=\"tqogkobhapbmfeiymdoqhbkzxjhzortxbgtb\" id=\"tqogkobhapbmfeiymdoqhbkzxjhzortxbgtb\" class=\"brz-section brz-css-lebzt\">\n<div class=\"brz-section__content brz-section--boxed brz-css-ssevu brz-css-iuwfx\" data-custom-id=\"krvewjpfvxlxkknovzuvizsszwzgfucpqxje\">\n<div class=\"brz-bg overflow-hidden !z-auto absolute top-0 left-0 w-full h-full\">\n<div class=\"brz-bg-image absolute top-0 left-0 w-full h-full bg-no-repeat bg-cover\"><\/div>\n<\/div>\n<div class=\"brz-container brz-css-bpnsi\">\n<div class=\"brz-css-cmkcs brz-wrapper\">\n<div class=\"brz-rich-text brz-rich-text__custom brz-css-kicom\" data-custom-id=\"swywhvewsziojzqggmrlmjbqawpoubislgyy\">\n<div>\n<p data-uniq-id=\"xnflb\" data-generated-css=\"brz-css-psqfz\" class=\"brz-css-rqfcg\"><span class=\"brz-cp-color8\">T&Uuml;RK M&Uuml;Z&#304;&#286;&#304; KLARNET YARI&#350;MASI 2024 BA&#350;VURU FORMU<\/span><\/p>\n<\/div>\n<\/div>\n<\/div>\n<\/div>\n<\/div>\n<\/section>\n<section data-uid=\"yjpyuqdtyulfamtvecgrmhvqyrbrtvadafil\" id=\"yjpyuqdtyulfamtvecgrmhvqyrbrtvadafil\" class=\"brz-section brz-css-lebzt\">\n<div class=\"brz-section__content brz-section--boxed brz-css-ssevu\" data-custom-id=\"nwzjqisotnmdzjqhufcslbuljdhdtdvojnhu\">\n<div class=\"brz-container brz-css-bpnsi\">\n<div class=\"brz-css-cmkcs brz-wrapper\">\n<div class=\"brz-wp-shortcode brz-css-papag\" data-custom-id=\"ufqkihmsbcmhljxbnadoioexqlkrarmfyhnc\">\n<div><div class='fluentform fluentform_wrapper_4'><form data-form_id=\"4\" id=\"fluentform_4\" class=\"frm-fluent-form fluent_form_4 ff-el-form-top ff_form_instance_4_1 ff-form-loading\" data-form_instance=\"ff_form_instance_4_1\" method=\"POST\" action=\"\" ><fieldset style=\"border: none!important;margin: 0!important;padding: 0!important;background-color: transparent!important;                                 box-shadow: none!important;outline: none!important;\">\n                    <legend class=\"ff_screen_reader_title\" style=\"margin: 0!important;padding: 0!important;height: 0!important;text-indent: -999999px;width: 0!important;\">T\u00fcrk M\u00fczi\u011fi Klarnet Yar\u0131\u015fmas\u0131 2024 Ba\u015fvuru Formu<\/legend><input type='hidden' name='__fluent_form_embded_post_id' value='693' \/><input type=\"hidden\" id=\"_fluentform_4_fluentformnonce\" name=\"_fluentform_4_fluentformnonce\" value=\"1f7b511816\" \/><input type=\"hidden\" name=\"_wp_http_referer\" value=\"\/en\/wp-json\/wp\/v2\/pages\/693\" \/><div data-type=\"name-element\" data-name=\"names\" class=\"ff-field_container ff-name-field-wrapper\" ><div class='ff-t-container'><div class='ff-t-cell'><div class='ff-el-group'><div class=\"ff-el-input--label ff-el-is-required asterisk-right\"><label for='ff_4_names_first_name_' aria-label=\"Name\">Name<\/label> <\/div><div class='ff-el-input--content'><input type=\"text\" name=\"names[first_name]\" id=\"ff_4_names_first_name_\" class=\"ff-el-form-control\" aria-invalid=\"false\" aria-required=\"false\"><\/div><\/div><\/div><div class='ff-t-cell'><div class='ff-el-group'><div class=\"ff-el-input--label ff-el-is-required asterisk-right\"><label for='ff_4_names_last_name_' aria-label=\"Surname\">Surname<\/label> <\/div><div class='ff-el-input--content'><input type=\"text\" name=\"names[last_name]\" id=\"ff_4_names_last_name_\" class=\"ff-el-form-control\" aria-invalid=\"false\" aria-required=\"false\"><\/div><\/div><\/div><\/div><\/div><div class='ff-el-group'><div class=\"ff-el-input--label ff-el-is-required asterisk-right\"><label for='ff_4_datetime' aria-label=\"Date of Birth\">Date of Birth<\/label> <\/div><div class='ff-el-input--content'><input data-type-datepicker data-format='d.m.Y' type=\"text\" name=\"datetime\" id=\"ff_4_datetime\" class=\"ff-el-form-control ff-el-datepicker\" data-name=\"datetime\"  aria-invalid='false' aria-required=\"true\"><\/div><\/div><div class='ff-el-group'><div class=\"ff-el-input--label ff-el-is-required asterisk-right\"><label for='ff_4_message' aria-label=\"Address\">Address<\/label> <\/div><div class='ff-el-input--content'><textarea aria-invalid=\"false\" aria-required=\"true\" name=\"message\" id=\"ff_4_message\" class=\"ff-el-form-control\" rows=\"4\" cols=\"2\" data-name=\"message\" ><\/textarea><\/div><\/div><div class='ff-el-group'><div class=\"ff-el-input--label ff-el-is-required asterisk-right\"><label for='ff_4_phone' aria-label=\"Phone\">Phone<\/label> <\/div><div class='ff-el-input--content'><input name=\"phone\" class=\"ff-el-form-control ff-el-phone ff_el_with_extended_validation\" type=\"tel\" data-name=\"phone\" id=\"ff_4_phone\" inputmode=\"tel\"  aria-invalid='false' aria-required=\"true\"><\/div><\/div><div class='ff-el-group'><div class=\"ff-el-input--label ff-el-is-required asterisk-right\"><label for='ff_4_email' aria-label=\"E-mail\">E-mail<\/label> <\/div><div class='ff-el-input--content'><input type=\"email\" name=\"email\" id=\"ff_4_email\" class=\"ff-el-form-control\" data-name=\"email\"  aria-invalid=\"false\" aria-required=\"true\"><\/div><\/div><div class='ff-el-group'><div class=\"ff-el-input--label ff-el-is-required asterisk-right\"><label for='ff_4_file-upload_1' aria-label=\"Bank Receipt\">Bank Receipt<\/label> <\/div><div class='ff-el-input--content'><label for='ff_4_file-upload_1' class='ff_file_upload_holder'><span class='ff_upload_btn ff-btn'>Select File<\/span> <input type=\"file\" name=\"file-upload\" id=\"ff_4_file-upload_1\" class=\"ff-el-form-control  ff-screen-reader-element\" data-name=\"file-upload\" multiple=\"1\"  aria-invalid='false' aria-required=\"true\"><\/label><\/div><\/div><div class='ff-el-group    ff-el-input--content'><div class='ff-el-form-check ff-el-tc'><label aria-label='terms & conditions' class='ff-el-form-check-label ff_tc_label' for=\"terms-n-condition_3aefb92160c82ec5dcdd665ffef0bad1\"><span class='ff_tc_checkbox'><input type=\"checkbox\" name=\"terms-n-condition\" class=\"ff-el-form-check-input\" data-name=\"terms-n-condition\" id=\"terms-n-condition_3aefb92160c82ec5dcdd665ffef0bad1\"  value='on' aria-invalid='false' aria-required=\"true\"><\/span> <div class='ff_t_c'><p><a href=\"https:\/\/klarnet.org.tr\/en\/kvkk-aydinlatma-metni\/\" target=\"_blank\" rel=\"noopener\">Privacy Policy<\/a> I have read and agree<\/p><\/div><\/label><\/div><\/div><div class='ff-el-group    ff-el-input--content'><div class='ff-el-form-check ff-el-tc'><label aria-label='terms & conditions' class='ff-el-form-check-label ff_tc_label' for=\"terms-n-condition_1_fe00964ea2b2ed21525c37753320f5c4\"><span class='ff_tc_checkbox'><input type=\"checkbox\" name=\"terms-n-condition_1\" class=\"ff-el-form-check-input\" data-name=\"terms-n-condition_1\" id=\"terms-n-condition_1_fe00964ea2b2ed21525c37753320f5c4\"  value='on' aria-invalid='false' aria-required=\"true\"><\/span> <div class='ff_t_c'><p><span class=\"M7eMe\"><a href=\"https:\/\/klarnet.org.tr\/en\/duyurular\/turk-muzigi-klarnet-yarismasi-2024\/\" target=\"_blank\" rel=\"noopener\">Competition Rules<\/a> I have read and agree<\/span><\/p><\/div><\/label><\/div><\/div><div class='ff-el-group ff-text-left ff_submit_btn_wrapper'><button type=\"submit\" class=\"ff-btn ff-btn-submit ff-btn-md ff_btn_style\" >Send<\/button><\/div><\/fieldset><input type=\"hidden\" name=\"trp-form-language\" value=\"en\"\/><\/form><div id='fluentform_4_errors' class='ff-errors-in-stack ff_form_instance_4_1 ff-form-loading_errors ff_form_instance_4_1_errors'><\/div><\/div>        <script type=\"text\/javascript\">\n            window.fluent_form_ff_form_instance_4_1 = {\"id\":\"4\",\"settings\":{\"layout\":{\"labelPlacement\":\"top\",\"helpMessagePlacement\":\"with_label\",\"errorMessagePlacement\":\"inline\",\"cssClassName\":\"\",\"asteriskPlacement\":\"asterisk-right\"},\"restrictions\":{\"denyEmptySubmission\":{\"enabled\":false}}},\"form_instance\":\"ff_form_instance_4_1\",\"form_id_selector\":\"fluentform_4\",\"rules\":{\"names[first_name]\":{\"required\":{\"value\":true,\"message\":\"L\\u00fctfen ad\\u0131n\\u0131z\\u0131 yaz\\u0131n\\u0131z.\"}},\"names[middle_name]\":{\"required\":{\"value\":false,\"message\":\"This field is required\"}},\"names[last_name]\":{\"required\":{\"value\":true,\"message\":\"L\\u00fctfen soyad\\u0131nz\\u0131 yaz\\u0131n\\u0131z.\"}},\"datetime\":{\"required\":{\"value\":true,\"message\":\"L\\u00fctfen do\\u011fum tarihi giriniz.\"}},\"message\":{\"required\":{\"value\":true,\"message\":\"L\\u00fctfen adres giriniz.\"}},\"phone\":{\"required\":{\"value\":true,\"message\":\"\"},\"valid_phone_number\":{\"value\":true,\"message\":\"\"}},\"email\":{\"required\":{\"value\":true,\"message\":\"\"},\"email\":{\"value\":true,\"message\":\"E-posta adresi do\\u011fru de\\u011fil.\"}},\"file-upload\":{\"required\":{\"value\":true,\"message\":\"L\\u00fctfen banka dekontu ekleyiniz.\"},\"max_file_size\":{\"value\":10485760,\"_valueFrom\":\"MB\",\"message\":\"Maximum dosya boyutu 10MB\"},\"max_file_count\":{\"value\":1,\"message\":\"Sadece 1 adet dosya y\\u00fckleyebilirsiniz.\"},\"allowed_file_types\":{\"value\":[\"jpg|jpeg|gif|png|bmp\",\"pdf\"],\"message\":\"Yanl\\u0131\\u015f dosya tipi y\\u00fcklediniz (Sadece JPG ve PDF y\\u00fckleyebilirsiniz.)\"}},\"terms-n-condition\":{\"required\":{\"value\":true,\"message\":\"Ayd\\u0131nlatma Metnini onaylaman\\u0131z gerekiyor.\"}},\"terms-n-condition_1\":{\"required\":{\"value\":true,\"message\":\"Yar\\u0131\\u015fma ko\\u015fullar\\u0131n\\u0131 kabul etmeniz gerekiyor.\"}}}};\n                    <\/script>\n        <\/div>\n<\/div>\n<\/div>\n<\/div>\n<\/div>\n<\/section>\n<section data-uid=\"pvidqeipknrmauhcuqjyvvwkeebhbbbjjktv\" id=\"pvidqeipknrmauhcuqjyvvwkeebhbbbjjktv\" class=\"brz-section brz-css-lebzt\">\n<div class=\"brz-section__content brz-section--fullWidth brz-css-ssevu brz-css-mdnrw\" data-custom-id=\"nrbsjazomguwikgmlzxswgpyttgvcbimvekh\">\n<div class=\"brz-bg overflow-hidden !z-auto absolute top-0 left-0 w-full h-full\">\n<div class=\"brz-bg-color absolute top-0 left-0 w-full h-full\"><\/div>\n<\/div>\n<div class=\"brz-container brz-css-bpnsi brz-css-egsoj\">\n<div class=\"brz-row__container brz-css-ljznx\" data-custom-id=\"gndycwvlganrfuqbywbubietmbxbemotezmc\">\n<div class=\"brz-bg overflow-hidden !z-auto absolute top-0 left-0 w-full h-full\"><\/div>\n<div class=\"brz-row brz-css-xrfhq brz-css-afjcd\">\n<div class=\"brz-columns brz-css-cfabb brz-css-xngje\" data-custom-id=\"bnufigpghtevdapospxvhoadvtrgllfgxnmk\">\n<div class=\"brz-bg overflow-hidden !z-auto absolute top-0 left-0 w-full h-full\"><\/div>\n<div class=\"brz-column__items brz-css-jgtml\">\n<div class=\"brz-row__container brz-css-ljznx\" data-custom-id=\"jyjugaranggwdmntiabbifbsgallqzdlhcoh\">\n<div class=\"brz-bg overflow-hidden !z-auto absolute top-0 left-0 w-full h-full\"><\/div>\n<div class=\"brz-row brz-row--inner brz-css-xrfhq brz-css-afjcd\">\n<div class=\"brz-columns brz-css-cfabb brz-css-ogsfz\" data-custom-id=\"vfzsxwfbpsdaxhjwzivgbkvtdzqlgfnhcmaa\">\n<div class=\"brz-bg overflow-hidden !z-auto absolute top-0 left-0 w-full h-full\"><\/div>\n<div class=\"brz-column__items brz-css-jgtml\">\n<div class=\"brz-css-cmkcs brz-css-xxwyt brz-wrapper\">\n<div class=\"brz-image brz-css-hvjzx\"><img decoding=\"async\" class=\"brz-img\" src=\"%7B@brizy_SITE_URL_PLACEHOLDER@%7D\/?brizy_media=wp-e1a350093f09db1fc630ced9ebb1d81a.png&amp;brizy_crop=iW%3D135%26iH%3D135%26oX%3D0%26oY%3D0%26cW%3D135%26cH%3D135\" alt=\"\" loading=\"lazy\"><\/div>\n<\/div>\n<\/div>\n<\/div>\n<div class=\"brz-columns brz-css-cfabb brz-css-snqfi\" data-custom-id=\"goshekcsdajkzvbkrzqgcsuxpdkffigqozwx\">\n<div class=\"brz-bg overflow-hidden !z-auto absolute top-0 left-0 w-full h-full\"><\/div>\n<div class=\"brz-column__items brz-css-jgtml\">\n<div class=\"brz-css-cmkcs brz-wrapper\">\n<div class=\"brz-rich-text brz-rich-text__custom brz-css-kicom\" data-custom-id=\"wlxgkoahvpovaaiiziiywzrcvogdioaxgkek\">\n<div>\n<p data-uniq-id=\"rwwos\" data-generated-css=\"brz-css-ljmug\" class=\"brz-css-htzam\"><strong class=\"brz-cp-color8\">&#304;STANBUL KLARNET DERNE&#286;&#304;<\/strong><\/p>\n<p data-uniq-id=\"rakqw\" data-generated-css=\"brz-css-muvjs\" class=\"brz-css-wfabp\"><strong class=\"brz-cp-color8\">R&#305;ht&#305;m Cad. Uzunhaf&#305;z Sok. 3A<\/strong><\/p>\n<p data-uniq-id=\"chdbe\" data-generated-css=\"brz-css-jszvt\" class=\"brz-css-cgpwk\"><strong class=\"brz-cp-color8\">Kad&#305;k&ouml;y 34716 &#304;stanbul<\/strong><\/p>\n<\/div>\n<\/div>\n<\/div>\n<\/div>\n<\/div>\n<\/div>\n<\/div>\n<\/div>\n<\/div>\n<div class=\"brz-columns brz-css-cfabb brz-css-frokx\" data-custom-id=\"srfnhrfpypcjjshuotmbawokeljarlukvttb\">\n<div class=\"brz-bg overflow-hidden !z-auto absolute top-0 left-0 w-full h-full\"><\/div>\n<div class=\"brz-column__items brz-css-jgtml\">\n<div class=\"brz-css-cmkcs brz-wrapper\">\n<div class=\"brz-rich-text brz-rich-text__custom brz-css-kicom\" data-custom-id=\"zhrbdfntehzkdezbjvkyfurjuujjlzrrderh\">\n<div>\n<p class=\"brz-css-vktsq\" data-generated-css=\"brz-css-ppcun\" data-uniq-id=\"yphoo\"><strong>&copy; 2009-2023 &#304;stanbul Klarnet Derne&#287;i<\/strong><\/p>\n<p class=\"brz-css-gbpmt\" data-generated-css=\"brz-css-bqqih\" data-uniq-id=\"fzumm\"><strong>T&uuml;m Haklar&#305; Sakl&#305;d&#305;r<\/strong><\/p>\n<p class=\"brz-css-txvap\" data-generated-css=\"brz-css-pxhvt\" data-uniq-id=\"zglky\"><strong>Site by <\/strong><a href=\"https:\/\/cotalvisuals.com\" target=\"_blank\" class=\"link--external\" data-brz-link-type=\"external\" rel=\"noopener\"><strong>Cotal Visuals<\/strong><\/a><\/p>\n<\/div>\n<\/div>\n<\/div>\n<\/div>\n<\/div>\n<div class=\"brz-columns brz-css-cfabb brz-css-wuwji\" data-custom-id=\"ffaijixauwnurngiigrlkzfgdonqxtiquuyd\">\n<div class=\"brz-bg overflow-hidden !z-auto absolute top-0 left-0 w-full h-full\"><\/div>\n<div class=\"brz-column__items brz-css-jgtml\">\n<div class=\"brz-wrapper-clone brz-css-wbypx brz-css-lkugo\">\n<div class=\"brz-d-xs-flex brz-flex-xs-wrap brz-css-peyyh brz-css-ytycd\">\n<div class=\"brz-wrapper-clone__item brz-css-ouhpb brz-css-iarkb\" id=\"inkkwqnswoczcxpiwvpgytdqvekihnijlyiq\">\n<div class=\"brz-icon__container\" data-custom-id=\"inkkwqnswoczcxpiwvpgytdqvekihnijlyiq\"><a class=\"brz-a\" href=\"https:\/\/instagram.com\/istanbulclarinetsociety\/\" target=\"_blank\" rel=\"noopener\" data-brz-link-type=\"external\"><span class=\"brz-icon brz-span brz-css-ndlsm brz-css-yghqi\"><\/span><\/a><\/div>\n<\/div>\n<div class=\"brz-wrapper-clone__item brz-css-ouhpb brz-css-iarkb\" id=\"bwsaymbktbbqiixcsuaehicrtfnfroctmxto\">\n<div class=\"brz-icon__container\" data-custom-id=\"bwsaymbktbbqiixcsuaehicrtfnfroctmxto\"><a class=\"brz-a\" href=\"https:\/\/www.facebook.com\/ikdernegi\/\" target=\"_blank\" rel=\"noopener\" data-brz-link-type=\"external\"><span class=\"brz-icon brz-span brz-css-ndlsm brz-css-wrvcg\"><\/span><\/a><\/div>\n<\/div>\n<div class=\"brz-wrapper-clone__item brz-css-ouhpb brz-css-iarkb\" id=\"brohpzwgvaqnvkkhdtwrnspbcbtirwyayyee\">\n<div class=\"brz-icon__container\" data-custom-id=\"brohpzwgvaqnvkkhdtwrnspbcbtirwyayyee\"><a class=\"brz-a\" href=\"https:\/\/twitter.com\/IstanbulKlarnet\/\" target=\"_blank\" rel=\"noopener\" data-brz-link-type=\"external\"><span class=\"brz-icon brz-span brz-css-ndlsm brz-css-uqylc\"><\/span><\/a><\/div>\n<\/div>\n<div class=\"brz-wrapper-clone__item brz-css-ouhpb brz-css-iarkb\" id=\"impaxvefmdfkluzeyurfdmodtxmgwbtnyifo\">\n<div class=\"brz-icon__container\" data-custom-id=\"impaxvefmdfkluzeyurfdmodtxmgwbtnyifo\"><a class=\"brz-a\" href=\"https:\/\/youtube.com\/@IstanbulClarinetSociety\" target=\"_blank\" rel=\"noopener\" data-brz-link-type=\"external\"><span class=\"brz-icon brz-span brz-css-ndlsm brz-css-smkwq\"><\/span><\/a><\/div>\n<\/div>\n<\/div>\n<\/div>\n<\/div>\n<\/div>\n<\/div>\n<\/div>\n<\/div>\n<\/div>\n<\/section>\n<\/div>\n<p><!-- version:1709855648 --><\/p>","protected":false},"excerpt":{"rendered":"<p>T&Uuml;RK M&Uuml;Z&#304;&#286;&#304; KLARNET YARI&#350;MASI 2024 BA&#350;VURU FORMU &#304;STANBUL KLARNET DERNE&#286;&#304; R&#305;ht&#305;m Cad. Uzunhaf&#305;z Sok. 3A Kad&#305;k&ouml;y 34716 &#304;stanbul &copy; 2009-2023 &#304;stanbul Klarnet Derne&#287;i T&uuml;m Haklar&#305; Sakl&#305;d&#305;r Site by Cotal Visuals<\/p>","protected":false},"author":2,"featured_media":0,"parent":0,"menu_order":0,"comment_status":"closed","ping_status":"closed","template":"brizy-blank-template.php","meta":[],"_links":{"self":[{"href":"https:\/\/klarnet.org.tr\/en\/wp-json\/wp\/v2\/pages\/693"}],"collection":[{"href":"https:\/\/klarnet.org.tr\/en\/wp-json\/wp\/v2\/pages"}],"about":[{"href":"https:\/\/klarnet.org.tr\/en\/wp-json\/wp\/v2\/types\/page"}],"author":[{"embeddable":true,"href":"https:\/\/klarnet.org.tr\/en\/wp-json\/wp\/v2\/users\/2"}],"replies":[{"embeddable":true,"href":"https:\/\/klarnet.org.tr\/en\/wp-json\/wp\/v2\/comments?post=693"}],"version-history":[{"count":2,"href":"https:\/\/klarnet.org.tr\/en\/wp-json\/wp\/v2\/pages\/693\/revisions"}],"predecessor-version":[{"id":698,"href":"https:\/\/klarnet.org.tr\/en\/wp-json\/wp\/v2\/pages\/693\/revisions\/698"}],"wp:attachment":[{"href":"https:\/\/klarnet.org.tr\/en\/wp-json\/wp\/v2\/media?parent=693"}],"curies":[{"name":"wp","href":"https:\/\/api.w.org\/{rel}","templated":true}]}}